{"id":577,"date":"2019-06-14T20:16:25","date_gmt":"2019-06-15T00:16:25","guid":{"rendered":"http:\/\/www.jsmassicotte.com\/lappeldelaventure\/?page_id=577"},"modified":"2019-06-14T21:43:34","modified_gmt":"2019-06-15T01:43:34","slug":"contact","status":"publish","type":"page","link":"http:\/\/www.jsmassicotte.com\/lappeldelaventure\/contact\/","title":{"rendered":"Contact"},"content":{"rendered":"\n<ul class=\"wp-block-list\"><li>Demandes g\u00e9n\u00e9rales et commentaires: <a rel=\"noreferrer noopener\" aria-label=\"lappel@jsmassicotte.info\u2028 (s\u2019ouvre dans un nouvel onglet)\" href=\"mailto:lappel@jsmassicotte.info\" target=\"_blank\">lappel@jsmassicotte.info<\/a><\/li><li>Nouvelles \u00e0 diffuser: <a rel=\"noreferrer noopener\" aria-label=\"nouvelles@jsmassicotte.info (s\u2019ouvre dans un nouvel onglet)\" href=\"mailto:nouvelles@jsmassicotte.info\" target=\"_blank\">nouvelles@jsmassicotte.info<\/a><\/li><li>Partenariats et collaborations: <a rel=\"noreferrer noopener\" aria-label=\"partenaires@jsmassicotte.info (s\u2019ouvre dans un nouvel onglet)\" href=\"mailto:partenaires@jsmassicotte.info\" target=\"_blank\">partenaires@jsmassicotte.info<\/a><\/li><li>M\u00e9dias: <a rel=\"noreferrer noopener\" aria-label=\"medias@jsmassicotte.info (s\u2019ouvre dans un nouvel onglet)\" href=\"mailto:medias@jsmassicotte.info\" target=\"_blank\">medias@jsmassicotte.info<\/a><\/li><\/ul>\n\n\n\n<ul class=\"wp-block-list\"><li><a rel=\"noreferrer noopener\" aria-label=\"Facebook.com\/jsmassicottePRO (s\u2019ouvre dans un nouvel onglet)\" href=\"https:\/\/www.facebook.com\/jsmassicottePRO\" target=\"_blank\">Facebook.com\/jsmassicottePRO<\/a><\/li><li><a rel=\"noreferrer noopener\" aria-label=\"Facebook.com\/sebastienlapierreaventurier\u2028 (s\u2019ouvre dans un nouvel onglet)\" href=\"http:\/\/Facebook.com\/sebastienlapierreaventurier\" target=\"_blank\">Facebook.com\/sebastienlapierreaventurier<\/a><\/li><li><a rel=\"noreferrer noopener\" aria-label=\"Instagram.com\/jsmassicotte (s\u2019ouvre dans un nouvel onglet)\" href=\"http:\/\/www.instagram.com\/jsmassicotte\" target=\"_blank\">Instagram<\/a> et <a rel=\"noreferrer noopener\" aria-label=\"Twitter (s\u2019ouvre dans un nouvel onglet)\" href=\"http:\/\/twitter.com\/jsmassicotte\" target=\"_blank\">Twitter<\/a>: @jsmassicotte et <a href=\"http:\/\/instagram.com\/sebastienlapierre_aventurier\" target=\"_blank\" rel=\"noreferrer noopener\" aria-label=\"@sebastienlapierre_aventurier (s\u2019ouvre dans un nouvel onglet)\">@sebastienlapierre_aventurier<\/a><\/li><\/ul>\n","protected":false},"excerpt":{"rendered":"<p>Demandes g\u00e9n\u00e9rales et commentaires: lappel@jsmassicotte.info Nouvelles \u00e0 diffuser: nouvelles@jsmassicotte.info Partenariats et collaborations: partenaires@jsmassicotte.info M\u00e9dias: medias@jsmassicotte.info Facebook.com\/jsmassicottePRO Facebook.com\/sebastienlapierreaventurier Instagram et Twitter: @jsmassicotte et @sebastienlapierre_aventurier<\/p>\n","protected":false},"author":1,"featured_media":0,"parent":0,"menu_order":0,"comment_status":"closed","ping_status":"closed","template":"","meta":{"footnotes":""},"class_list":["post-577","page","type-page","status-publish","hentry"],"_links":{"self":[{"href":"http:\/\/www.jsmassicotte.com\/lappeldelaventure\/wp-json\/wp\/v2\/pages\/577","targetHints":{"allow":["GET"]}}],"collection":[{"href":"http:\/\/www.jsmassicotte.com\/lappeldelaventure\/wp-json\/wp\/v2\/pages"}],"about":[{"href":"http:\/\/www.jsmassicotte.com\/lappeldelaventure\/wp-json\/wp\/v2\/types\/page"}],"author":[{"embeddable":true,"href":"http:\/\/www.jsmassicotte.com\/lappeldelaventure\/wp-json\/wp\/v2\/users\/1"}],"replies":[{"embeddable":true,"href":"http:\/\/www.jsmassicotte.com\/lappeldelaventure\/wp-json\/wp\/v2\/comments?post=577"}],"version-history":[{"count":9,"href":"http:\/\/www.jsmassicotte.com\/lappeldelaventure\/wp-json\/wp\/v2\/pages\/577\/revisions"}],"predecessor-version":[{"id":588,"href":"http:\/\/www.jsmassicotte.com\/lappeldelaventure\/wp-json\/wp\/v2\/pages\/577\/revisions\/588"}],"wp:attachment":[{"href":"http:\/\/www.jsmassicotte.com\/lappeldelaventure\/wp-json\/wp\/v2\/media?parent=577"}],"curies":[{"name":"wp","href":"https:\/\/api.w.org\/{rel}","templated":true}]}}