{"id":621,"date":"2019-06-20T10:06:45","date_gmt":"2019-06-20T14:06:45","guid":{"rendered":"http:\/\/www.jsmassicotte.com\/lappeldelaventure\/?page_id=621"},"modified":"2020-04-10T16:38:26","modified_gmt":"2020-04-10T20:38:26","slug":"supportez-le-podcast","status":"publish","type":"page","link":"http:\/\/www.jsmassicotte.com\/lappeldelaventure\/supportez-le-podcast\/","title":{"rendered":"Supportez le podcast"},"content":{"rendered":"\n<p class=\"has-drop-cap has-medium-font-size\">Vous appr\u00e9ciez <em>L&rsquo;Appel de l&rsquo;aventure<\/em>? Nous avons besoin de vous! <\/p>\n\n\n\n<p>Principal podcast plein air ind\u00e9pendant au Qu\u00e9bec, <em>L&rsquo;Appel de l&rsquo;aventure<\/em> compte sur votre appui pour se d\u00e9velopper et franchir de nouvelles fronti\u00e8res.<\/p>\n\n\n\n<p>Comment contribuer? Diff\u00e9rentes possibilit\u00e9s s&rsquo;offrent \u00e0 vous:<\/p>\n\n\n\n<ul class=\"wp-block-list\"><li>Devenir ambassadeur de la baladodiffusion et du blogue en les faisant conna\u00eetre \u00e0 vos proches. Partagez, commentez, \u00e9coutez, \u00e9changez&#8230; tout est bon et c&rsquo;est gratuit!<\/li><\/ul>\n\n\n\n<ul class=\"wp-block-list\"><li>S&rsquo;abonner \u00e0 l&rsquo;un de nos forfaits mensuels pour devenir l&rsquo;un de nos \u00abpatrons\u00bb sur la plateforme de sociofinancement pour les cr\u00e9ateurs de contenu <a aria-label=\"Patreon (s\u2019ouvre dans un nouvel onglet)\" rel=\"noreferrer noopener\" href=\"https:\/\/www.patreon.com\/lappeldelaventure\" target=\"_blank\" class=\"aioseop-link\">Patreon<\/a>.<\/li><\/ul>\n\n\n\n<ul class=\"wp-block-list\"><li>Faire un <a aria-label=\" (s\u2019ouvre dans un nouvel onglet)\" rel=\"noreferrer noopener\" href=\"https:\/\/paypal.me\/lappeldelaventure?locale.x=en_US\" target=\"_blank\" class=\"aioseop-link\">don de votre choi<\/a><a rel=\"noreferrer noopener\" aria-label=\" (s\u2019ouvre dans un nouvel onglet)\" href=\"https:\/\/paypal.me\/lappeldelaventure?locale.x=en_US\" target=\"_blank\" class=\"aioseop-link\">x<\/a><a aria-label=\" (s\u2019ouvre dans un nouvel onglet)\" rel=\"noreferrer noopener\" href=\"https:\/\/paypal.me\/lappeldelaventure?locale.x=en_US\" target=\"_blank\" class=\"aioseop-link\"> gr\u00e2ce \u00e0 la plateforme Paypal<\/a><\/li><\/ul>\n\n\n\n<ul class=\"wp-block-list\"><li>Magasiner sur les sites affili\u00e9s. V\u00eatements, chaussures et \u00e9quipements divers de plusieurs de vos manufacturiers et d\u00e9taillants pr\u00e9f\u00e9r\u00e9s sont ainsi regroup\u00e9s. En magasinant par les liens ci-dessous, vous mettez la main sur des produits de qualit\u00e9 en toute simplicit\u00e9 et nous recevons une commission sur les achats enregistr\u00e9s. C&rsquo;est aussi simple que \u00e7a!  <\/li><\/ul>\n\n\n\n<p><\/p>\n\n\n\n<a href=\"https:\/\/track.flexlinkspro.com\/a.ashx?foid=1165453.140963915&amp;foc=2&amp;fot=9999&amp;fos=1\" rel=\"nofollow noopener noreferrer\" target=\"_blank\" alt=\"Leaderboard\" title=\"Custom Shop - 728x90 (728x90)\"><img decoding=\"async\" border=\"0\" src=\"https:\/\/content.flexlinks.com\/sharedimages\/products\/140963915\/4291329.jpg\" style=\"max-width: 100%;\"><\/a><img loading=\"lazy\" decoding=\"async\" src=\"https:\/\/track.flexlinkspro.com\/i.ashx?foid=1165453.140963915&amp;fot=9999&amp;foc=2&amp;fos=1\" border=\"0\" width=\"0\" height=\"0\" style=\"opacity: 0;\">\n\n\n\n<p>Leatherman Canada<\/p>\n\n\n\n<a href=\"https:\/\/track.flexlinkspro.com\/a.ashx?foid=1165453.141524684&amp;foc=2&amp;fot=9999&amp;fos=1\" rel=\"nofollow noopener noreferrer\" target=\"_blank\" alt=\"970X250\" title=\"Women's Flannel\"><img decoding=\"async\" border=\"0\" src=\"https:\/\/content.flexlinks.com\/sharedimages\/products\/141524684\/4572475.jpg\" style=\"max-width: 100%;\"><\/a><img loading=\"lazy\" decoding=\"async\" src=\"https:\/\/track.flexlinkspro.com\/i.ashx?foid=1165453.141524684&amp;fot=9999&amp;foc=2&amp;fos=1\" border=\"0\" width=\"0\" height=\"0\" style=\"opacity: 0;\">\n\n\n\n<p>Eddie Bauer Canada<\/p>\n\n\n\n<a href=\"https:\/\/track.flexlinkspro.com\/a.ashx?foid=1165453.141515289&amp;foc=2&amp;fot=9999&amp;fos=1\" rel=\"nofollow noopener noreferrer\" target=\"_blank\" alt=\"Other\" title=\"Generic Banner\"><img decoding=\"async\" border=\"0\" src=\"https:\/\/content.flexlinks.com\/sharedimages\/products\/141515289\/4569118.jpg\" style=\"max-width: 100%;\"><\/a><img loading=\"lazy\" decoding=\"async\" src=\"https:\/\/track.flexlinkspro.com\/i.ashx?foid=1165453.141515289&amp;fot=9999&amp;foc=2&amp;fos=1\" border=\"0\" width=\"0\" height=\"0\" style=\"opacity: 0;\">\n\n\n\n<p>Lululemon<\/p>\n\n\n\n<a href=\"https:\/\/track.flexlinkspro.com\/a.ashx?foid=1165453.138012916&amp;foc=2&amp;fot=9999&amp;fos=1\" rel=\"nofollow noopener noreferrer\" target=\"_blank\" alt=\"Leaderboard\" title=\"Tilley Summer Free Shipping Minimum Spend 728x90\"><img decoding=\"async\" border=\"0\" src=\"https:\/\/content.flexlinks.com\/sharedimages\/products\/138012916\/2519069.jpg\" style=\"max-width: 100%;\"><\/a><img loading=\"lazy\" decoding=\"async\" src=\"https:\/\/track.flexlinkspro.com\/i.ashx?foid=1165453.138012916&amp;fot=9999&amp;foc=2&amp;fos=1\" border=\"0\" width=\"0\" height=\"0\" style=\"opacity: 0;\">\n\n\n\n<p>Tilley Endurables<\/p>\n\n\n\n<a href=\"https:\/\/track.flexlinkspro.com\/a.ashx?foid=1165453.141103943&amp;foc=2&amp;fot=9999&amp;fos=1\" rel=\"nofollow noopener noreferrer\" target=\"_blank\" alt=\"Leaderboard\" title=\"KEEN 728x90 English\"><img decoding=\"async\" border=\"0\" src=\"https:\/\/content.flexlinks.com\/sharedimages\/products\/141103943\/4372409.jpg\" style=\"max-width: 100%;\"><\/a><img loading=\"lazy\" decoding=\"async\" src=\"https:\/\/track.flexlinkspro.com\/i.ashx?foid=1165453.141103943&amp;fot=9999&amp;foc=2&amp;fos=1\" border=\"0\" width=\"0\" height=\"0\" style=\"opacity: 0;\">\n\n\n\n<p>Keen Canada<\/p>\n\n\n\n<a href=\"https:\/\/track.flexlinkspro.com\/a.ashx?foid=1165453.141200561&amp;foc=2&amp;fot=9999&amp;fos=1\" rel=\"nofollow noopener noreferrer\" target=\"_blank\" alt=\"Leaderboard\" title=\"Fresh Foam\"><img decoding=\"async\" border=\"0\" src=\"https:\/\/content.flexlinks.com\/sharedimages\/products\/141200561\/4417763.jpg\" style=\"max-width: 100%;\"><\/a><img loading=\"lazy\" decoding=\"async\" src=\"https:\/\/track.flexlinkspro.com\/i.ashx?foid=1165453.141200561&amp;fot=9999&amp;foc=2&amp;fos=1\" border=\"0\" width=\"0\" height=\"0\" style=\"opacity: 0;\">\n\n\n\n<p>New Balance Canada<\/p>\n\n\n\n<a href=\"https:\/\/track.flexlinkspro.com\/a.ashx?foid=1165453.138534135&amp;foc=2&amp;fot=9999&amp;fos=1\" rel=\"nofollow noopener noreferrer\" target=\"_blank\" alt=\"Full Banner\" title=\"New Arrivals\"><img decoding=\"async\" border=\"0\" src=\"https:\/\/content.flexlinks.com\/sharedimages\/products\/138534135\/2885385.jpg\" style=\"max-width: 100%;\"><\/a><img loading=\"lazy\" decoding=\"async\" src=\"https:\/\/track.flexlinkspro.com\/i.ashx?foid=1165453.138534135&amp;fot=9999&amp;foc=2&amp;fos=1\" border=\"0\" width=\"0\" height=\"0\" style=\"opacity: 0;\">\n\n\n\n<p>Merrell Canada<\/p>\n\n\n\n<a href=\"https:\/\/track.flexlinkspro.com\/a.ashx?foid=1165453.141100813&amp;foc=2&amp;fot=9999&amp;fos=1\" rel=\"nofollow noopener noreferrer\" target=\"_blank\" alt=\"Full Banner\" title=\"SperryCA-Spring-New-Arrivals-20190220-468x60.jpg\"><img decoding=\"async\" border=\"0\" src=\"https:\/\/content.flexlinks.com\/sharedimages\/products\/141100813\/4370787.jpg\" style=\"max-width: 100%;\"><\/a><img loading=\"lazy\" decoding=\"async\" src=\"https:\/\/track.flexlinkspro.com\/i.ashx?foid=1165453.141100813&amp;fot=9999&amp;foc=2&amp;fos=1\" border=\"0\" width=\"0\" height=\"0\" style=\"opacity: 0;\">\n\n\n\n<p>Sperry Canada<\/p>\n\n\n\n<a href=\"https:\/\/track.flexlinkspro.com\/a.ashx?foid=1165453.138661860&amp;foc=2&amp;fot=9999&amp;fos=1\" rel=\"nofollow noopener noreferrer\" target=\"_blank\" alt=\"Other\" title=\"Bogs Banner 427x170.jpg\"><img decoding=\"async\" border=\"0\" src=\"https:\/\/content.flexlinks.com\/sharedimages\/products\/138661860\/3013125.jpg\" style=\"max-width: 100%;\"><\/a><img loading=\"lazy\" decoding=\"async\" src=\"https:\/\/track.flexlinkspro.com\/i.ashx?foid=1165453.138661860&amp;fot=9999&amp;foc=2&amp;fos=1\" border=\"0\" width=\"0\" height=\"0\" style=\"opacity: 0;\">\n\n\n\n<p>Bogs Canada<\/p>\n\n\n\n<a href=\"https:\/\/track.flexlinkspro.com\/a.ashx?foid=1165453.139882046&amp;foc=2&amp;fot=9999&amp;fos=1\" rel=\"nofollow noopener noreferrer\" target=\"_blank\" alt=\"970X250\" title=\"Crocs CA_970x250_LiteRide_Intro\"><img decoding=\"async\" border=\"0\" src=\"https:\/\/content.flexlinks.com\/sharedimages\/products\/139882046\/3694599.jpg\" style=\"max-width: 100%;\"><\/a><img loading=\"lazy\" decoding=\"async\" src=\"https:\/\/track.flexlinkspro.com\/i.ashx?foid=1165453.139882046&amp;fot=9999&amp;foc=2&amp;fos=1\" border=\"0\" width=\"0\" height=\"0\" style=\"opacity: 0;\">\n\n\n\n<p>Crocs Canada<\/p>\n\n\n\n<a href=\"https:\/\/track.flexlinkspro.com\/a.ashx?foid=1165453.141405184&amp;foc=2&amp;fot=9999&amp;fos=1\" rel=\"nofollow noopener noreferrer\" target=\"_blank\" alt=\"Leaderboard\" title=\"728 x 90\"><img decoding=\"async\" border=\"0\" src=\"https:\/\/content.flexlinks.com\/sharedimages\/products\/141405184\/4515069.jpg\" style=\"max-width: 100%;\"><\/a><img loading=\"lazy\" decoding=\"async\" src=\"https:\/\/track.flexlinkspro.com\/i.ashx?foid=1165453.141405184&amp;fot=9999&amp;foc=2&amp;fos=1\" border=\"0\" width=\"0\" height=\"0\" style=\"opacity: 0;\">\n\n\n\n<p>PRFO Sports<\/p>\n\n\n\n<a href=\"https:\/\/track.flexlinkspro.com\/a.ashx?foid=1165453.141361309&amp;foc=2&amp;fot=9999&amp;fos=1\" rel=\"nofollow noopener noreferrer\" target=\"_blank\" alt=\"Other\" title=\"English - Black Logo 350x250\"><img decoding=\"async\" border=\"0\" src=\"https:\/\/content.flexlinks.com\/sharedimages\/products\/141361309\/4496327.png\" style=\"max-width: 100%;\"><\/a><img loading=\"lazy\" decoding=\"async\" src=\"https:\/\/track.flexlinkspro.com\/i.ashx?foid=1165453.141361309&amp;fot=9999&amp;foc=2&amp;fos=1\" border=\"0\" width=\"0\" height=\"0\" style=\"opacity: 0;\">\n\n\n\n<p>Altitude Sports<\/p>\n\n\n\n<iframe loading=\"lazy\" src=\"\/\/rcm-na.amazon-adsystem.com\/e\/cm?o=15&amp;p=13&amp;l=ur1&amp;category=amazonhomepage&amp;f=ifr&amp;linkID=b6f821a58f42ce789ec56bc5aa5aafa5&amp;t=jsmassicotte-20&amp;tracking_id=jsmassicotte-20\" width=\"468\" height=\"60\" scrolling=\"no\" border=\"0\" marginwidth=\"0\" style=\"border:none;\" frameborder=\"0\"><\/iframe>\n\n\n\n<p>Amazon Canada<\/p>\n\n\n\n<a href=\"https:\/\/track.flexlinkspro.com\/a.ashx?foid=1165453.140221104&amp;foc=2&amp;fot=9999&amp;fos=1\" rel=\"nofollow noopener noreferrer\" target=\"_blank\" alt=\"Other\" title=\"English - TLH Logo - 350x250\"><img decoding=\"async\" border=\"0\" src=\"https:\/\/content.flexlinks.com\/sharedimages\/products\/140221104\/3870685.png\" style=\"max-width: 100%;\"><\/a><img loading=\"lazy\" decoding=\"async\" src=\"https:\/\/track.flexlinkspro.com\/i.ashx?foid=1165453.140221104&amp;fot=9999&amp;foc=2&amp;fos=1\" border=\"0\" width=\"0\" height=\"0\" style=\"opacity: 0;\">\n\n\n\n<p>The Last Hunt<\/p>\n\n\n\n<a href=\"https:\/\/track.flexlinkspro.com\/a.ashx?foid=1165453.138255585&amp;foc=2&amp;fot=9999&amp;fos=1\" rel=\"nofollow noopener noreferrer\" target=\"_blank\" alt=\"Other\" title=\"Save money and still get what you want at Henry's! Used cameras, lenses, and more. 90 Day Warranty. Shop Now!\"><img decoding=\"async\" border=\"0\" src=\"https:\/\/content.flexlinks.com\/sharedimages\/products\/138255585\/2641734.png\" style=\"max-width: 100%;\"><\/a><img loading=\"lazy\" decoding=\"async\" src=\"https:\/\/track.flexlinkspro.com\/i.ashx?foid=1165453.138255585&amp;fot=9999&amp;foc=2&amp;fos=1\" border=\"0\" width=\"0\" height=\"0\" style=\"opacity: 0;\">\n\n\n\n<p>Henry&rsquo;s<\/p>\n\n\n\n<script>\ndocument.write(unescape('%3Cscript src=\"https:\/\/u.dji.com\/en\/ad_banners\/lead?size=728%20*%2090&open_id=gnwbas1l&language=en&component_id=1\"%3E%3C\/script%3E'));\n<\/script>\n\n\n\n<p>DJI<\/p>\n\n\n\n<a href=\"https:\/\/track.flexlinkspro.com\/a.ashx?foid=1165453.141475340&amp;foc=2&amp;fot=9999&amp;fos=1\" rel=\"nofollow noopener noreferrer\" target=\"_blank\" alt=\"Full Banner\" title=\"Shop Sennheiser Headphones!\"><img decoding=\"async\" border=\"0\" src=\"https:\/\/content.flexlinks.com\/sharedimages\/products\/141475340\/4550969.jpg\" style=\"max-width: 100%;\"><\/a><img loading=\"lazy\" decoding=\"async\" src=\"https:\/\/track.flexlinkspro.com\/i.ashx?foid=1165453.141475340&amp;fot=9999&amp;foc=2&amp;fos=1\" border=\"0\" width=\"0\" height=\"0\" style=\"opacity: 0;\">\n\n\n\n<p>Sennheiser Canada<\/p>\n\n\n\n<a href=\"https:\/\/track.flexlinkspro.com\/a.ashx?foid=1165453.2919318&amp;foc=2&amp;fot=9999&amp;fos=1\" rel=\"nofollow noopener noreferrer\" target=\"_blank\" alt=\"Other\" title=\"Canon eStore Canada - Logo - 230x80\"><img decoding=\"async\" border=\"0\" src=\"https:\/\/content.flexlinks.com\/sharedimages\/products\/2919318\/1719613.jpg\" style=\"max-width: 100%;\"><\/a><img loading=\"lazy\" decoding=\"async\" src=\"https:\/\/track.flexlinkspro.com\/i.ashx?foid=1165453.2919318&amp;fot=9999&amp;foc=2&amp;fos=1\" border=\"0\" width=\"0\" height=\"0\" style=\"opacity: 0;\">\n\n\n\n<p>Canon Canada<\/p>\n","protected":false},"excerpt":{"rendered":"<p>Vous appr\u00e9ciez L&rsquo;Appel de l&rsquo;aventure? Nous avons besoin de vous! Principal podcast plein air ind\u00e9pendant au Qu\u00e9bec, L&rsquo;Appel de l&rsquo;aventure compte sur votre appui pour se d\u00e9velopper et franchir de nouvelles fronti\u00e8res. Comment contribuer? Diff\u00e9rentes possibilit\u00e9s s&rsquo;offrent \u00e0 vous: Devenir ambassadeur de la baladodiffusion et du blogue en les faisant conna\u00eetre \u00e0 vos proches. Partagez, &hellip; <\/p>\n<p class=\"link-more\"><a href=\"http:\/\/www.jsmassicotte.com\/lappeldelaventure\/supportez-le-podcast\/\" class=\"more-link\">Continuer la lecture<span class=\"screen-reader-text\"> de &laquo; Supportez le podcast &raquo;<\/span><\/a><\/p>\n","protected":false},"author":1,"featured_media":0,"parent":0,"menu_order":0,"comment_status":"closed","ping_status":"closed","template":"","meta":{"footnotes":""},"class_list":["post-621","page","type-page","status-publish","hentry"],"_links":{"self":[{"href":"http:\/\/www.jsmassicotte.com\/lappeldelaventure\/wp-json\/wp\/v2\/pages\/621","targetHints":{"allow":["GET"]}}],"collection":[{"href":"http:\/\/www.jsmassicotte.com\/lappeldelaventure\/wp-json\/wp\/v2\/pages"}],"about":[{"href":"http:\/\/www.jsmassicotte.com\/lappeldelaventure\/wp-json\/wp\/v2\/types\/page"}],"author":[{"embeddable":true,"href":"http:\/\/www.jsmassicotte.com\/lappeldelaventure\/wp-json\/wp\/v2\/users\/1"}],"replies":[{"embeddable":true,"href":"http:\/\/www.jsmassicotte.com\/lappeldelaventure\/wp-json\/wp\/v2\/comments?post=621"}],"version-history":[{"count":32,"href":"http:\/\/www.jsmassicotte.com\/lappeldelaventure\/wp-json\/wp\/v2\/pages\/621\/revisions"}],"predecessor-version":[{"id":1444,"href":"http:\/\/www.jsmassicotte.com\/lappeldelaventure\/wp-json\/wp\/v2\/pages\/621\/revisions\/1444"}],"wp:attachment":[{"href":"http:\/\/www.jsmassicotte.com\/lappeldelaventure\/wp-json\/wp\/v2\/media?parent=621"}],"curies":[{"name":"wp","href":"https:\/\/api.w.org\/{rel}","templated":true}]}}