{"id":647,"date":"2019-06-23T08:45:04","date_gmt":"2019-06-23T12:45:04","guid":{"rendered":"http:\/\/www.jsmassicotte.com\/lappeldelaventure\/?page_id=647"},"modified":"2019-12-19T12:56:40","modified_gmt":"2019-12-19T16:56:40","slug":"joanie-st-pierre","status":"publish","type":"page","link":"http:\/\/www.jsmassicotte.com\/lappeldelaventure\/joanie-st-pierre\/","title":{"rendered":"Joanie St-Pierre"},"content":{"rendered":"\n<div class=\"wp-block-image\"><figure class=\"alignright is-resized\"><img loading=\"lazy\" decoding=\"async\" src=\"http:\/\/www.jsmassicotte.com\/lappeldelaventure\/wp-content\/uploads\/2019\/06\/DSC06532-1024x682.jpg\" alt=\"\" class=\"wp-image-492\" width=\"372\" height=\"248\" srcset=\"http:\/\/www.jsmassicotte.com\/lappeldelaventure\/wp-content\/uploads\/2019\/06\/DSC06532-1024x682.jpg 1024w, http:\/\/www.jsmassicotte.com\/lappeldelaventure\/wp-content\/uploads\/2019\/06\/DSC06532-300x200.jpg 300w, http:\/\/www.jsmassicotte.com\/lappeldelaventure\/wp-content\/uploads\/2019\/06\/DSC06532-768x512.jpg 768w, http:\/\/www.jsmassicotte.com\/lappeldelaventure\/wp-content\/uploads\/2019\/06\/DSC06532.jpg 1214w\" sizes=\"auto, (max-width: 372px) 100vw, 372px\" \/><figcaption>Joanie St-Pierre<\/figcaption><\/figure><\/div>\n\n\n\n<p>Fondatrice de <a rel=\"noreferrer noopener\" href=\"https:\/\/timoussedansbrousse.com\" target=\"_blank\">Ti-Mousse dans Brousse<\/a>, Joanie est une maman aventuri\u00e8re occup\u00e9e! Sp\u00e9cialiste dans l&rsquo;art de sortir en plein air avec les enfants, elle aide les familles partout \u00e0 travers la province \u00e0 faire de m\u00eame par de nombreux ateliers, conf\u00e9rences et publications. <\/p>\n\n\n\n<p>Bas\u00e9e \u00e0 Qu\u00e9bec, la sportive touche \u00e0 tout est \u00e9galement ambassadrice de marque pour le fabricant <a href=\"http:\/\/www.thenorthface.com\" target=\"_blank\" rel=\"noreferrer noopener\" aria-label=\"The North Face (s\u2019ouvre dans un nouvel onglet)\">The North Face<\/a>.<\/p>\n\n\n\n<p>Naturellement, Joanie pr\u00e9sentera de mani\u00e8re p\u00e9riodique la chronique famille.<\/p>\n\n\n\n<p>Suivez-la sur <a href=\"http:\/\/Facebook.com\/timoussedansbrousse\" target=\"_blank\" rel=\"noreferrer noopener\" aria-label=\"Facebook (s\u2019ouvre dans un nouvel onglet)\">Facebook<\/a> <\/p>\n","protected":false},"excerpt":{"rendered":"<p>Fondatrice de Ti-Mousse dans Brousse, Joanie est une maman aventuri\u00e8re occup\u00e9e! Sp\u00e9cialiste dans l&rsquo;art de sortir en plein air avec les enfants, elle aide les familles partout \u00e0 travers la province \u00e0 faire de m\u00eame par de nombreux ateliers, conf\u00e9rences et publications. Bas\u00e9e \u00e0 Qu\u00e9bec, la sportive touche \u00e0 tout est \u00e9galement ambassadrice de marque &hellip; <\/p>\n<p class=\"link-more\"><a href=\"http:\/\/www.jsmassicotte.com\/lappeldelaventure\/joanie-st-pierre\/\" class=\"more-link\">Continuer la lecture<span class=\"screen-reader-text\"> de &laquo; Joanie St-Pierre &raquo;<\/span><\/a><\/p>\n","protected":false},"author":1,"featured_media":0,"parent":0,"menu_order":0,"comment_status":"closed","ping_status":"closed","template":"","meta":{"footnotes":""},"class_list":["post-647","page","type-page","status-publish","hentry"],"_links":{"self":[{"href":"http:\/\/www.jsmassicotte.com\/lappeldelaventure\/wp-json\/wp\/v2\/pages\/647","targetHints":{"allow":["GET"]}}],"collection":[{"href":"http:\/\/www.jsmassicotte.com\/lappeldelaventure\/wp-json\/wp\/v2\/pages"}],"about":[{"href":"http:\/\/www.jsmassicotte.com\/lappeldelaventure\/wp-json\/wp\/v2\/types\/page"}],"author":[{"embeddable":true,"href":"http:\/\/www.jsmassicotte.com\/lappeldelaventure\/wp-json\/wp\/v2\/users\/1"}],"replies":[{"embeddable":true,"href":"http:\/\/www.jsmassicotte.com\/lappeldelaventure\/wp-json\/wp\/v2\/comments?post=647"}],"version-history":[{"count":20,"href":"http:\/\/www.jsmassicotte.com\/lappeldelaventure\/wp-json\/wp\/v2\/pages\/647\/revisions"}],"predecessor-version":[{"id":1298,"href":"http:\/\/www.jsmassicotte.com\/lappeldelaventure\/wp-json\/wp\/v2\/pages\/647\/revisions\/1298"}],"wp:attachment":[{"href":"http:\/\/www.jsmassicotte.com\/lappeldelaventure\/wp-json\/wp\/v2\/media?parent=647"}],"curies":[{"name":"wp","href":"https:\/\/api.w.org\/{rel}","templated":true}]}}