{"id":653,"date":"2019-06-23T09:09:44","date_gmt":"2019-06-23T13:09:44","guid":{"rendered":"http:\/\/www.jsmassicotte.com\/lappeldelaventure\/?page_id=653"},"modified":"2020-01-14T12:06:13","modified_gmt":"2020-01-14T16:06:13","slug":"sebastien-lapierre","status":"publish","type":"page","link":"http:\/\/www.jsmassicotte.com\/lappeldelaventure\/sebastien-lapierre\/","title":{"rendered":"S\u00e9bastien Lapierre"},"content":{"rendered":"\n<div class=\"wp-block-image\"><figure class=\"alignright is-resized\"><img loading=\"lazy\" decoding=\"async\" src=\"http:\/\/www.jsmassicotte.com\/lappeldelaventure\/wp-content\/uploads\/2019\/06\/14976688_1180597115343591_214213637347820354_o-1024x684.jpg\" alt=\"\" class=\"wp-image-602\" width=\"315\" height=\"210\" srcset=\"http:\/\/www.jsmassicotte.com\/lappeldelaventure\/wp-content\/uploads\/2019\/06\/14976688_1180597115343591_214213637347820354_o-1024x684.jpg 1024w, http:\/\/www.jsmassicotte.com\/lappeldelaventure\/wp-content\/uploads\/2019\/06\/14976688_1180597115343591_214213637347820354_o-300x200.jpg 300w, http:\/\/www.jsmassicotte.com\/lappeldelaventure\/wp-content\/uploads\/2019\/06\/14976688_1180597115343591_214213637347820354_o-768x513.jpg 768w, http:\/\/www.jsmassicotte.com\/lappeldelaventure\/wp-content\/uploads\/2019\/06\/14976688_1180597115343591_214213637347820354_o.jpg 2048w\" sizes=\"auto, (max-width: 315px) 100vw, 315px\" \/><figcaption>S\u00e9bastien Lapierre \u2014 Photo JSMassicotte.com<\/figcaption><\/figure><\/div>\n\n\n\n<p>Pompier \u00e0 la Ville de Qu\u00e9bec, S\u00e9bastien Lapierre est devenu en 2017 le premier Canadien \u00e0 atteindre le p\u00f4le sud en ski en solitaire, par sa seule force et en autonomie compl\u00e8te. Un glacial p\u00e9riple de pr\u00e8s de 43 jours.<\/p>\n\n\n\n<p>Aventure sur la calotte glaciaire du  Groenland en ski? Il l&rsquo;a fait. P\u00e9riple dans le Passage du Nord-Ouest en kayak? Aussi.<\/p>\n\n\n\n<p>Le r\u00e9sident de Qu\u00e9bec&nbsp;est \u00e9galement papa et conf\u00e9rencier. Impliqu\u00e9 depuis les tous d\u00e9buts de la cr\u00e9ation de <em>L&rsquo;Appel de l&rsquo;aventure<\/em>, il coanime le podcast et contribue au contenu directement.<\/p>\n\n\n\n<p>Suivez- le sur <a rel=\"noreferrer noopener\" aria-label=\"Facebook (s\u2019ouvre dans un nouvel onglet)\" href=\"https:\/\/www.facebook.com\/sebastienlapierreaventurier\/\" target=\"_blank\">Facebook<\/a> et <a rel=\"noreferrer noopener\" aria-label=\"Instragram (s\u2019ouvre dans un nouvel onglet)\" href=\"https:\/\/www.instagram.com\/sebastienlapierre_aventurier\/\" target=\"_blank\">Instagram<\/a><\/p>\n\n\n\n<iframe loading=\"lazy\" src=\"https:\/\/www.facebook.com\/plugins\/post.php?href=https%3A%2F%2Fwww.facebook.com%2Fsebastienlapierreaventurier%2Fphotos%2Fa.342446565869219%2F2525558107558043%2F%3Ftype%3D3&#038;width=600&#038;show_text=true&#038;height=383&#038;appId\" width=\"600\" height=\"383\" style=\"border:none;overflow:hidden\" scrolling=\"no\" frameborder=\"0\" allowTransparency=\"true\" allow=\"encrypted-media\"><\/iframe>\n","protected":false},"excerpt":{"rendered":"<p>Pompier \u00e0 la Ville de Qu\u00e9bec, S\u00e9bastien Lapierre est devenu en 2017 le premier Canadien \u00e0 atteindre le p\u00f4le sud en ski en solitaire, par sa seule force et en autonomie compl\u00e8te. Un glacial p\u00e9riple de pr\u00e8s de 43 jours. Aventure sur la calotte glaciaire du Groenland en ski? Il l&rsquo;a fait. P\u00e9riple dans le &hellip; <\/p>\n<p class=\"link-more\"><a href=\"http:\/\/www.jsmassicotte.com\/lappeldelaventure\/sebastien-lapierre\/\" class=\"more-link\">Continuer la lecture<span class=\"screen-reader-text\"> de &laquo; S\u00e9bastien Lapierre &raquo;<\/span><\/a><\/p>\n","protected":false},"author":1,"featured_media":0,"parent":0,"menu_order":0,"comment_status":"closed","ping_status":"closed","template":"","meta":{"footnotes":""},"class_list":["post-653","page","type-page","status-publish","hentry"],"_links":{"self":[{"href":"http:\/\/www.jsmassicotte.com\/lappeldelaventure\/wp-json\/wp\/v2\/pages\/653","targetHints":{"allow":["GET"]}}],"collection":[{"href":"http:\/\/www.jsmassicotte.com\/lappeldelaventure\/wp-json\/wp\/v2\/pages"}],"about":[{"href":"http:\/\/www.jsmassicotte.com\/lappeldelaventure\/wp-json\/wp\/v2\/types\/page"}],"author":[{"embeddable":true,"href":"http:\/\/www.jsmassicotte.com\/lappeldelaventure\/wp-json\/wp\/v2\/users\/1"}],"replies":[{"embeddable":true,"href":"http:\/\/www.jsmassicotte.com\/lappeldelaventure\/wp-json\/wp\/v2\/comments?post=653"}],"version-history":[{"count":8,"href":"http:\/\/www.jsmassicotte.com\/lappeldelaventure\/wp-json\/wp\/v2\/pages\/653\/revisions"}],"predecessor-version":[{"id":1324,"href":"http:\/\/www.jsmassicotte.com\/lappeldelaventure\/wp-json\/wp\/v2\/pages\/653\/revisions\/1324"}],"wp:attachment":[{"href":"http:\/\/www.jsmassicotte.com\/lappeldelaventure\/wp-json\/wp\/v2\/media?parent=653"}],"curies":[{"name":"wp","href":"https:\/\/api.w.org\/{rel}","templated":true}]}}